{"id":569,"date":"2021-03-03T14:31:15","date_gmt":"2021-03-03T17:31:15","guid":{"rendered":"https:\/\/www.rcdesignrj.com.br\/criacaosite\/?page_id=569"},"modified":"2021-03-04T12:59:03","modified_gmt":"2021-03-04T15:59:03","slug":"gestao-de-redes-sociais","status":"publish","type":"page","link":"https:\/\/www.rcdesignrj.com.br\/criacaosite\/gestao-de-redes-sociais\/","title":{"rendered":"Gest\u00e3o de Redes Sociais"},"content":{"rendered":"\t\t<div data-elementor-type=\"wp-page\" data-elementor-id=\"569\" class=\"elementor elementor-569\">\n\t\t\t\t\t\t<section class=\"elementor-section elementor-top-section elementor-element elementor-element-d17e08c elementor-section-content-middle elementor-section-boxed elementor-section-height-default elementor-section-height-default\" data-id=\"d17e08c\" data-element_type=\"section\" data-e-type=\"section\">\n\t\t\t\t\t\t<div class=\"elementor-container elementor-column-gap-wide\">\n\t\t\t\t\t<div class=\"aux-parallax-section elementor-column elementor-col-33 elementor-top-column elementor-element elementor-element-6fe11a3 aux-appear-watch-animation aux-fade-in-right-1\" data-id=\"6fe11a3\" data-element_type=\"column\" data-e-type=\"column\" data-settings=\"{&quot;background_background&quot;:&quot;classic&quot;}\">\n\t\t\t<div class=\"elementor-widget-wrap elementor-element-populated\">\n\t\t\t\t\t\t<div class=\"elementor-element elementor-element-27fd139 elementor-widget elementor-widget-menu-anchor\" data-id=\"27fd139\" data-element_type=\"widget\" data-e-type=\"widget\" data-widget_type=\"menu-anchor.default\">\n\t\t\t\t<div class=\"elementor-widget-container\">\n\t\t\t\t\t\t\t<div class=\"elementor-menu-anchor\" id=\"criacaosite\"><\/div>\n\t\t\t\t\t\t<\/div>\n\t\t\t\t<\/div>\n\t\t\t\t\t<\/div>\n\t\t<\/div>\n\t\t\t\t<div class=\"aux-parallax-section elementor-column elementor-col-33 elementor-top-column elementor-element elementor-element-7e9ee1b aux-appear-watch-animation aux-fade-in-right-1\" data-id=\"7e9ee1b\" data-element_type=\"column\" data-e-type=\"column\" data-settings=\"{&quot;background_background&quot;:&quot;classic&quot;}\">\n\t\t\t<div class=\"elementor-widget-wrap elementor-element-populated\">\n\t\t\t\t\t\t<div class=\"elementor-element elementor-element-1903c2d aux-appear-watch-animation aux-fade-in-up-1 elementor-widget elementor-widget-aux_text\" data-id=\"1903c2d\" data-element_type=\"widget\" data-e-type=\"widget\" data-widget_type=\"aux_text.default\">\n\t\t\t\t<div class=\"elementor-widget-container\">\n\t\t\t\t\t<section class=\"widget-container aux-widget-text aux-parent-au9c9f3449\">        <div class=\"aux-widget-advanced-text aux-wrap-style-simple aux-ico-pos-top aux-text-left aux-text-resp-center aux-text-color-dark aux-text-widget-bg-center  \" >\n        \n                            <div class=\"aux-text-widget-header \"  >\n                        <div class=\"aux-ico-box aux-ico-large aux-ico-shape-circle aux-ico-clear \">\n                                                                <span class=\"aux-ico auxicon-ipad-1\" > <\/span>\n                                                            <\/div>\n                <\/div>\n            \n            <div class=\"aux-text-inner aux-text-widget-content\">\n                                <h4 class=\"col-title\">Redes Sociais<\/h4>\n                                <div class=\"widget-content\">\n                                        <p>Criamos e gerenciamos suas redes sociais de forma profissional, para que sua empresa ganhe mais visibilidade .<\/p>                <\/div>\n                            <\/div>\n        <\/div>\n                    <div class=\"aux-text-widget-footer\">\n                <div class=\"aux-border-shape-none \">\n                                <\/div>\n            <\/div>\n        \n<\/section><!-- widget-container -->\t\t\t\t<\/div>\n\t\t\t\t<\/div>\n\t\t\t\t\t<\/div>\n\t\t<\/div>\n\t\t\t\t<div class=\"aux-parallax-section elementor-column elementor-col-33 elementor-top-column elementor-element elementor-element-d6c6ebd aux-appear-watch-animation aux-fade-in-right-1\" data-id=\"d6c6ebd\" data-element_type=\"column\" data-e-type=\"column\" data-settings=\"{&quot;background_background&quot;:&quot;classic&quot;}\">\n\t\t\t<div class=\"elementor-widget-wrap elementor-element-populated\">\n\t\t\t\t\t\t<div class=\"elementor-element elementor-element-7c965a7 aux-appear-watch-animation aux-fade-in-up-1 elementor-widget elementor-widget-aux_text\" data-id=\"7c965a7\" data-element_type=\"widget\" data-e-type=\"widget\" data-widget_type=\"aux_text.default\">\n\t\t\t\t<div class=\"elementor-widget-container\">\n\t\t\t\t\t<section class=\"widget-container aux-widget-text aux-parent-au398a4393\">        <div class=\"aux-widget-advanced-text aux-wrap-style-simple aux-ico-pos- aux-text-left aux-text-resp-center aux-text-color-dark aux-text-widget-bg-center aux-text-no-content \" >\n        \n            \n            <div class=\"aux-text-inner aux-text-widget-content\">\n                            <\/div>\n        <\/div>\n                    <div class=\"aux-text-widget-footer\">\n                <div class=\"aux-border-shape-none \">\n                                <\/div>\n            <\/div>\n        \n<\/section><!-- widget-container -->\t\t\t\t<\/div>\n\t\t\t\t<\/div>\n\t\t\t\t\t<\/div>\n\t\t<\/div>\n\t\t\t\t\t<\/div>\n\t\t<\/section>\n\t\t\t\t<section class=\"elementor-section elementor-top-section elementor-element elementor-element-83e018c elementor-section-boxed elementor-section-height-default elementor-section-height-default\" data-id=\"83e018c\" data-element_type=\"section\" data-e-type=\"section\">\n\t\t\t\t\t\t<div class=\"elementor-container elementor-column-gap-default\">\n\t\t\t\t\t<div class=\"aux-parallax-section elementor-column elementor-col-50 elementor-top-column elementor-element elementor-element-c2c63da\" data-id=\"c2c63da\" data-element_type=\"column\" data-e-type=\"column\">\n\t\t\t<div class=\"elementor-widget-wrap elementor-element-populated\">\n\t\t\t\t\t\t<div class=\"elementor-element elementor-element-331fb0f aux-appear-watch-animation aux-fade-in-up-2 elementor-widget elementor-widget-aux_modern_heading\" data-id=\"331fb0f\" data-element_type=\"widget\" data-e-type=\"widget\" data-widget_type=\"aux_modern_heading.default\">\n\t\t\t\t<div class=\"elementor-widget-container\">\n\t\t\t\t\t<section class=\"aux-widget-modern-heading\">\n            <div class=\"aux-widget-inner\"><h2 class=\"aux-modern-heading-primary\">IMPORT\u00c2NCIAS DAS<\/h2><h3 class=\"aux-modern-heading-secondary\"><span class=\"aux-head-before\">REDES SOCIAIS<\/span><\/h3><div class=\"aux-modern-heading-description\"><p>As redes sociais hoje desempenham um papel muito importante no dia a dia de qualquer pessoa. \u00c0s vezes utilizadas somente como uma ferramenta de descontra\u00e7\u00e3o e divers\u00e3o, as redes sociais tamb\u00e9m s\u00e3o vistas como uma fonte de informa\u00e7\u00e3o por in\u00fameras pessoas em seu dia a dia. Para informar ou divertir, as redes sociais representam a maior porcentagem do tempo de uma pessoa comum na internet.<\/p><p>Por isso, uma empresa deve sempre investir em redes sociais. Mesmo que voc\u00ea n\u00e3o as utilize como uma forma de anunciar seus produtos ou servi\u00e7os, as redes sociais podem ser empregadas para que voc\u00ea estabele\u00e7a mais um canal de comunica\u00e7\u00e3o com o seu p\u00fablico.<\/p><\/div><\/div>\n        <\/section>\t\t\t\t<\/div>\n\t\t\t\t<\/div>\n\t\t\t\t\t<\/div>\n\t\t<\/div>\n\t\t\t\t<div class=\"aux-parallax-section elementor-column elementor-col-50 elementor-top-column elementor-element elementor-element-515f0ee aux-appear-watch-animation aux-fade-in-right-1\" data-id=\"515f0ee\" data-element_type=\"column\" data-e-type=\"column\" data-settings=\"{&quot;background_background&quot;:&quot;classic&quot;}\">\n\t\t\t<div class=\"elementor-widget-wrap elementor-element-populated\">\n\t\t\t\t\t\t<div class=\"elementor-element elementor-element-6c58103 aux-appear-watch-animation aux-fade-in-up-1 elementor-widget elementor-widget-aux_text\" data-id=\"6c58103\" data-element_type=\"widget\" data-e-type=\"widget\" data-widget_type=\"aux_text.default\">\n\t\t\t\t<div class=\"elementor-widget-container\">\n\t\t\t\t\t<section class=\"widget-container aux-widget-text aux-parent-aue0827659\">        <div class=\"aux-widget-advanced-text aux-wrap-style-simple aux-ico-pos- aux-text-left aux-text-resp-center aux-text-color-dark aux-text-widget-bg-center aux-text-no-content \" >\n        \n            \n            <div class=\"aux-text-inner aux-text-widget-content\">\n                            <\/div>\n        <\/div>\n                    <div class=\"aux-text-widget-footer\">\n                <div class=\"aux-border-shape-none \">\n                                <\/div>\n            <\/div>\n        \n<\/section><!-- widget-container -->\t\t\t\t<\/div>\n\t\t\t\t<\/div>\n\t\t\t\t\t<\/div>\n\t\t<\/div>\n\t\t\t\t\t<\/div>\n\t\t<\/section>\n\t\t\t\t<section class=\"elementor-section elementor-top-section elementor-element elementor-element-347039a elementor-section-content-middle elementor-section-height-min-height elementor-section-boxed elementor-section-height-default elementor-section-items-middle\" data-id=\"347039a\" data-element_type=\"section\" data-e-type=\"section\" data-settings=\"{&quot;background_background&quot;:&quot;classic&quot;}\">\n\t\t\t\t\t\t<div class=\"elementor-container elementor-column-gap-default\">\n\t\t\t\t\t<div class=\"aux-parallax-section elementor-column elementor-col-50 elementor-top-column elementor-element elementor-element-d664580\" data-id=\"d664580\" data-element_type=\"column\" data-e-type=\"column\" data-settings=\"{&quot;background_background&quot;:&quot;classic&quot;}\">\n\t\t\t<div class=\"elementor-widget-wrap\">\n\t\t\t\t\t\t\t<\/div>\n\t\t<\/div>\n\t\t\t\t<div class=\"aux-parallax-section elementor-column elementor-col-50 elementor-top-column elementor-element elementor-element-a35f27c\" data-id=\"a35f27c\" data-element_type=\"column\" data-e-type=\"column\">\n\t\t\t<div class=\"elementor-widget-wrap elementor-element-populated\">\n\t\t\t\t\t\t<div class=\"elementor-element elementor-element-c53cf39 aux-appear-watch-animation aux-fade-in-up-2 elementor-widget elementor-widget-aux_modern_heading\" data-id=\"c53cf39\" data-element_type=\"widget\" data-e-type=\"widget\" data-widget_type=\"aux_modern_heading.default\">\n\t\t\t\t<div class=\"elementor-widget-container\">\n\t\t\t\t\t<section class=\"aux-widget-modern-heading\">\n            <div class=\"aux-widget-inner\"><h2 class=\"aux-modern-heading-primary\">PORQUE INVESTIR EM<\/h2><h3 class=\"aux-modern-heading-secondary\"><span class=\"aux-head-before\">REDES SOCIAIS?<\/span><\/h3><div class=\"aux-modern-heading-description\"><p>Os brasileiros gastam, em m\u00e9dia 3 horas por dia nas redes sociais, segundo um relat\u00f3rio publicado pela empresa We Are Social. Assim, n\u00f3s somos um dos pa\u00edses com maior tempo passado navegando pelas m\u00eddias sociais. Por isso, \u00e9 muito importante que a sua empresa invista e esteja presente nas redes sociais.<\/p><p>Pois, al\u00e9m de ser uma nova forma de divulgar informa\u00e7\u00f5es sobre a pr\u00f3pria empresa em si, assim como seus produtos ou servi\u00e7os, nas redes sociais tamb\u00e9m \u00e9 poss\u00edvel estabelecer uma nova comunica\u00e7\u00e3o com o seu consumidor. Assim, \u00e9 importante que as suas redes sociais sejam sempre devidamente atualizadas e monitoradas, garantindo a intera\u00e7\u00e3o em tempo real com o p\u00fablico e, at\u00e9 mesmo, a minimizar ocorr\u00eancias que possam danificar a sua imagem.<\/p><\/div><\/div>\n        <\/section>\t\t\t\t<\/div>\n\t\t\t\t<\/div>\n\t\t\t\t\t<\/div>\n\t\t<\/div>\n\t\t\t\t\t<\/div>\n\t\t<\/section>\n\t\t\t\t<section class=\"elementor-section elementor-top-section elementor-element elementor-element-f5e1b3b elementor-section-boxed elementor-section-height-default elementor-section-height-default\" data-id=\"f5e1b3b\" data-element_type=\"section\" data-e-type=\"section\">\n\t\t\t\t\t\t<div class=\"elementor-container elementor-column-gap-default\">\n\t\t\t\t\t<div class=\"aux-parallax-section elementor-column elementor-col-50 elementor-top-column elementor-element elementor-element-6869d0e\" data-id=\"6869d0e\" data-element_type=\"column\" data-e-type=\"column\">\n\t\t\t<div class=\"elementor-widget-wrap elementor-element-populated\">\n\t\t\t\t\t\t<div class=\"elementor-element elementor-element-35f8e07 aux-appear-watch-animation aux-fade-in-up-2 elementor-widget elementor-widget-aux_modern_heading\" data-id=\"35f8e07\" data-element_type=\"widget\" data-e-type=\"widget\" data-widget_type=\"aux_modern_heading.default\">\n\t\t\t\t<div class=\"elementor-widget-container\">\n\t\t\t\t\t<section class=\"aux-widget-modern-heading\">\n            <div class=\"aux-widget-inner\"><h2 class=\"aux-modern-heading-primary\">MONITORE E GERENCIE SUAS<\/h2><h3 class=\"aux-modern-heading-secondary\"><span class=\"aux-head-before\">REDES SOCIAIS<\/span><\/h3><div class=\"aux-modern-heading-description\"><p><strong>Gere relat\u00f3rios, entenda seu p\u00fablico, monitore concorrentes e saia na frente.<\/strong><\/p><p>Os gr\u00e1ficos da RC Design te ajudar\u00e3o a entender seu desempenho de forma comparativa, mostrando a relev\u00e2ncia dos seus canais em rela\u00e7\u00e3o aos seus principais concorrentes!<\/p><p>Gere relat\u00f3rios ilimitados para Facebook, Instagram (incluindo Stories), Twitter, LinkedIn, Google Meu Neg\u00f3cio e Google Analytics<\/p><\/div><\/div>\n        <\/section>\t\t\t\t<\/div>\n\t\t\t\t<\/div>\n\t\t\t\t\t<\/div>\n\t\t<\/div>\n\t\t\t\t<div class=\"aux-parallax-section elementor-column elementor-col-50 elementor-top-column elementor-element elementor-element-bb058b3\" data-id=\"bb058b3\" data-element_type=\"column\" data-e-type=\"column\">\n\t\t\t<div class=\"elementor-widget-wrap elementor-element-populated\">\n\t\t\t\t\t\t<div class=\"elementor-element elementor-element-1d74d16 elementor-widget elementor-widget-image\" data-id=\"1d74d16\" data-element_type=\"widget\" data-e-type=\"widget\" data-widget_type=\"image.default\">\n\t\t\t\t<div class=\"elementor-widget-container\">\n\t\t\t\t\t\t\t\t\t\t\t\t\t\t\t<img decoding=\"async\" src=\"https:\/\/www.rcdesignrj.com.br\/criacaosite\/wp-content\/uploads\/2021\/03\/RELATORIOS-REDES-SOCIAIS.webp\" class=\"attachment-full size-full wp-image-621\" alt=\"RELATORIOS REDES SOCIAIS\" \/>\t\t\t\t\t\t\t\t\t\t\t\t\t\t\t<\/div>\n\t\t\t\t<\/div>\n\t\t\t\t\t<\/div>\n\t\t<\/div>\n\t\t\t\t\t<\/div>\n\t\t<\/section>\n\t\t\t\t<\/div>\n\t\t","protected":false},"excerpt":{"rendered":"<p>Redes Sociais Criamos e gerenciamos suas redes sociais de forma profissional, para que sua empresa ganhe mais visibilidade . IMPORT\u00c2NCIAS DAS REDES SOCIAIS As redes sociais hoje desempenham um papel muito importante no dia a dia de qualquer pessoa. \u00c0s vezes utilizadas somente como uma ferramenta de descontra\u00e7\u00e3o e divers\u00e3o, as redes sociais tamb\u00e9m s\u00e3o [&hellip;]<\/p>\n","protected":false},"author":1,"featured_media":0,"parent":0,"menu_order":0,"comment_status":"closed","ping_status":"closed","template":"elementor_header_footer","meta":{"_joinchat":[],"footnotes":""},"class_list":["post-569","page","type-page","status-publish","hentry"],"yoast_head":"<!-- This site is optimized with the Yoast SEO plugin v27.5 - https:\/\/yoast.com\/product\/yoast-seo-wordpress\/ -->\n<title>Gest\u00e3o de Redes Sociais - RC Design | Cria\u00e7\u00e3o de Sites E-commerce<\/title>\n<meta name=\"description\" content=\"RC Design trabalha com gest\u00e3o de redes sociais. hoje desempenham um papel muito importante no dia a dia de qualquer pessoa.\" \/>\n<meta name=\"robots\" content=\"index, follow, max-snippet:-1, max-image-preview:large, max-video-preview:-1\" \/>\n<link rel=\"canonical\" href=\"https:\/\/www.rcdesignrj.com.br\/criacaosite\/gestao-de-redes-sociais\/\" \/>\n<meta property=\"og:locale\" content=\"pt_BR\" \/>\n<meta property=\"og:type\" content=\"article\" \/>\n<meta property=\"og:title\" content=\"Gest\u00e3o de Redes Sociais - RC Design | Cria\u00e7\u00e3o de Sites E-commerce\" \/>\n<meta property=\"og:description\" content=\"RC Design trabalha com gest\u00e3o de redes sociais. hoje desempenham um papel muito importante no dia a dia de qualquer pessoa.\" \/>\n<meta property=\"og:url\" content=\"https:\/\/www.rcdesignrj.com.br\/criacaosite\/gestao-de-redes-sociais\/\" \/>\n<meta property=\"og:site_name\" content=\"RC Design | Cria\u00e7\u00e3o de Sites E-commerce\" \/>\n<meta property=\"article:publisher\" content=\"https:\/\/www.facebook.com\/rcdesignrjoficial\/\" \/>\n<meta property=\"article:modified_time\" content=\"2021-03-04T15:59:03+00:00\" \/>\n<meta property=\"og:image\" content=\"https:\/\/www.rcdesignrj.com.br\/criacaosite\/wp-content\/uploads\/2021\/03\/RELATORIOS-REDES-SOCIAIS.webp\" \/>\n<meta name=\"twitter:card\" content=\"summary_large_image\" \/>\n<meta name=\"twitter:label1\" content=\"Est. tempo de leitura\" \/>\n\t<meta name=\"twitter:data1\" content=\"2 minutos\" \/>\n<script type=\"application\/ld+json\" class=\"yoast-schema-graph\">{\"@context\":\"https:\\\/\\\/schema.org\",\"@graph\":[{\"@type\":\"WebPage\",\"@id\":\"https:\\\/\\\/www.rcdesignrj.com.br\\\/criacaosite\\\/gestao-de-redes-sociais\\\/\",\"url\":\"https:\\\/\\\/www.rcdesignrj.com.br\\\/criacaosite\\\/gestao-de-redes-sociais\\\/\",\"name\":\"Gest\u00e3o de Redes Sociais - RC Design | Cria\u00e7\u00e3o de Sites E-commerce\",\"isPartOf\":{\"@id\":\"https:\\\/\\\/www.rcdesignrj.com.br\\\/criacaosite\\\/#website\"},\"primaryImageOfPage\":{\"@id\":\"https:\\\/\\\/www.rcdesignrj.com.br\\\/criacaosite\\\/gestao-de-redes-sociais\\\/#primaryimage\"},\"image\":{\"@id\":\"https:\\\/\\\/www.rcdesignrj.com.br\\\/criacaosite\\\/gestao-de-redes-sociais\\\/#primaryimage\"},\"thumbnailUrl\":\"https:\\\/\\\/www.rcdesignrj.com.br\\\/criacaosite\\\/wp-content\\\/uploads\\\/2021\\\/03\\\/RELATORIOS-REDES-SOCIAIS.webp\",\"datePublished\":\"2021-03-03T17:31:15+00:00\",\"dateModified\":\"2021-03-04T15:59:03+00:00\",\"description\":\"RC Design trabalha com gest\u00e3o de redes sociais. hoje desempenham um papel muito importante no dia a dia de qualquer pessoa.\",\"breadcrumb\":{\"@id\":\"https:\\\/\\\/www.rcdesignrj.com.br\\\/criacaosite\\\/gestao-de-redes-sociais\\\/#breadcrumb\"},\"inLanguage\":\"pt-BR\",\"potentialAction\":[{\"@type\":\"ReadAction\",\"target\":[\"https:\\\/\\\/www.rcdesignrj.com.br\\\/criacaosite\\\/gestao-de-redes-sociais\\\/\"]}]},{\"@type\":\"ImageObject\",\"inLanguage\":\"pt-BR\",\"@id\":\"https:\\\/\\\/www.rcdesignrj.com.br\\\/criacaosite\\\/gestao-de-redes-sociais\\\/#primaryimage\",\"url\":\"https:\\\/\\\/www.rcdesignrj.com.br\\\/criacaosite\\\/wp-content\\\/uploads\\\/2021\\\/03\\\/RELATORIOS-REDES-SOCIAIS.webp\",\"contentUrl\":\"https:\\\/\\\/www.rcdesignrj.com.br\\\/criacaosite\\\/wp-content\\\/uploads\\\/2021\\\/03\\\/RELATORIOS-REDES-SOCIAIS.webp\",\"caption\":\"RELATORIOS REDES SOCIAIS\"},{\"@type\":\"BreadcrumbList\",\"@id\":\"https:\\\/\\\/www.rcdesignrj.com.br\\\/criacaosite\\\/gestao-de-redes-sociais\\\/#breadcrumb\",\"itemListElement\":[{\"@type\":\"ListItem\",\"position\":1,\"name\":\"In\u00edcio\",\"item\":\"https:\\\/\\\/www.rcdesignrj.com.br\\\/criacaosite\\\/\"},{\"@type\":\"ListItem\",\"position\":2,\"name\":\"Gest\u00e3o de Redes Sociais\"}]},{\"@type\":\"WebSite\",\"@id\":\"https:\\\/\\\/www.rcdesignrj.com.br\\\/criacaosite\\\/#website\",\"url\":\"https:\\\/\\\/www.rcdesignrj.com.br\\\/criacaosite\\\/\",\"name\":\"RC Design | Cria\u00e7\u00e3o de Sites E-commerce\",\"description\":\"Cria\u00e7\u00e3o de sites e lojas e-commerce\",\"publisher\":{\"@id\":\"https:\\\/\\\/www.rcdesignrj.com.br\\\/criacaosite\\\/#organization\"},\"potentialAction\":[{\"@type\":\"SearchAction\",\"target\":{\"@type\":\"EntryPoint\",\"urlTemplate\":\"https:\\\/\\\/www.rcdesignrj.com.br\\\/criacaosite\\\/?s={search_term_string}\"},\"query-input\":{\"@type\":\"PropertyValueSpecification\",\"valueRequired\":true,\"valueName\":\"search_term_string\"}}],\"inLanguage\":\"pt-BR\"},{\"@type\":\"Organization\",\"@id\":\"https:\\\/\\\/www.rcdesignrj.com.br\\\/criacaosite\\\/#organization\",\"name\":\"RC Design Cria\u00e7\u00e3o de Sites e E-commerce\",\"url\":\"https:\\\/\\\/www.rcdesignrj.com.br\\\/criacaosite\\\/\",\"logo\":{\"@type\":\"ImageObject\",\"inLanguage\":\"pt-BR\",\"@id\":\"https:\\\/\\\/www.rcdesignrj.com.br\\\/criacaosite\\\/#\\\/schema\\\/logo\\\/image\\\/\",\"url\":\"https:\\\/\\\/www.rcdesignrj.com.br\\\/criacaosite\\\/wp-content\\\/uploads\\\/2021\\\/01\\\/logo-rc-design.png\",\"contentUrl\":\"https:\\\/\\\/www.rcdesignrj.com.br\\\/criacaosite\\\/wp-content\\\/uploads\\\/2021\\\/01\\\/logo-rc-design.png\",\"width\":772,\"height\":775,\"caption\":\"RC Design Cria\u00e7\u00e3o de Sites e E-commerce\"},\"image\":{\"@id\":\"https:\\\/\\\/www.rcdesignrj.com.br\\\/criacaosite\\\/#\\\/schema\\\/logo\\\/image\\\/\"},\"sameAs\":[\"https:\\\/\\\/www.facebook.com\\\/rcdesignrjoficial\\\/\",\"https:\\\/\\\/www.instagram.com\\\/rcdesignrjoficial\\\/\",\"https:\\\/\\\/www.youtube.com\\\/channel\\\/UCiHuDdwgewUnhLhb0Jd9POw\"]}]}<\/script>\n<!-- \/ Yoast SEO plugin. -->","yoast_head_json":{"title":"Gest\u00e3o de Redes Sociais - RC Design | Cria\u00e7\u00e3o de Sites E-commerce","description":"RC Design trabalha com gest\u00e3o de redes sociais. hoje desempenham um papel muito importante no dia a dia de qualquer pessoa.","robots":{"index":"index","follow":"follow","max-snippet":"max-snippet:-1","max-image-preview":"max-image-preview:large","max-video-preview":"max-video-preview:-1"},"canonical":"https:\/\/www.rcdesignrj.com.br\/criacaosite\/gestao-de-redes-sociais\/","og_locale":"pt_BR","og_type":"article","og_title":"Gest\u00e3o de Redes Sociais - RC Design | Cria\u00e7\u00e3o de Sites E-commerce","og_description":"RC Design trabalha com gest\u00e3o de redes sociais. hoje desempenham um papel muito importante no dia a dia de qualquer pessoa.","og_url":"https:\/\/www.rcdesignrj.com.br\/criacaosite\/gestao-de-redes-sociais\/","og_site_name":"RC Design | Cria\u00e7\u00e3o de Sites E-commerce","article_publisher":"https:\/\/www.facebook.com\/rcdesignrjoficial\/","article_modified_time":"2021-03-04T15:59:03+00:00","og_image":[{"url":"https:\/\/www.rcdesignrj.com.br\/criacaosite\/wp-content\/uploads\/2021\/03\/RELATORIOS-REDES-SOCIAIS.webp","type":"","width":"","height":""}],"twitter_card":"summary_large_image","twitter_misc":{"Est. tempo de leitura":"2 minutos"},"schema":{"@context":"https:\/\/schema.org","@graph":[{"@type":"WebPage","@id":"https:\/\/www.rcdesignrj.com.br\/criacaosite\/gestao-de-redes-sociais\/","url":"https:\/\/www.rcdesignrj.com.br\/criacaosite\/gestao-de-redes-sociais\/","name":"Gest\u00e3o de Redes Sociais - RC Design | Cria\u00e7\u00e3o de Sites E-commerce","isPartOf":{"@id":"https:\/\/www.rcdesignrj.com.br\/criacaosite\/#website"},"primaryImageOfPage":{"@id":"https:\/\/www.rcdesignrj.com.br\/criacaosite\/gestao-de-redes-sociais\/#primaryimage"},"image":{"@id":"https:\/\/www.rcdesignrj.com.br\/criacaosite\/gestao-de-redes-sociais\/#primaryimage"},"thumbnailUrl":"https:\/\/www.rcdesignrj.com.br\/criacaosite\/wp-content\/uploads\/2021\/03\/RELATORIOS-REDES-SOCIAIS.webp","datePublished":"2021-03-03T17:31:15+00:00","dateModified":"2021-03-04T15:59:03+00:00","description":"RC Design trabalha com gest\u00e3o de redes sociais. hoje desempenham um papel muito importante no dia a dia de qualquer pessoa.","breadcrumb":{"@id":"https:\/\/www.rcdesignrj.com.br\/criacaosite\/gestao-de-redes-sociais\/#breadcrumb"},"inLanguage":"pt-BR","potentialAction":[{"@type":"ReadAction","target":["https:\/\/www.rcdesignrj.com.br\/criacaosite\/gestao-de-redes-sociais\/"]}]},{"@type":"ImageObject","inLanguage":"pt-BR","@id":"https:\/\/www.rcdesignrj.com.br\/criacaosite\/gestao-de-redes-sociais\/#primaryimage","url":"https:\/\/www.rcdesignrj.com.br\/criacaosite\/wp-content\/uploads\/2021\/03\/RELATORIOS-REDES-SOCIAIS.webp","contentUrl":"https:\/\/www.rcdesignrj.com.br\/criacaosite\/wp-content\/uploads\/2021\/03\/RELATORIOS-REDES-SOCIAIS.webp","caption":"RELATORIOS REDES SOCIAIS"},{"@type":"BreadcrumbList","@id":"https:\/\/www.rcdesignrj.com.br\/criacaosite\/gestao-de-redes-sociais\/#breadcrumb","itemListElement":[{"@type":"ListItem","position":1,"name":"In\u00edcio","item":"https:\/\/www.rcdesignrj.com.br\/criacaosite\/"},{"@type":"ListItem","position":2,"name":"Gest\u00e3o de Redes Sociais"}]},{"@type":"WebSite","@id":"https:\/\/www.rcdesignrj.com.br\/criacaosite\/#website","url":"https:\/\/www.rcdesignrj.com.br\/criacaosite\/","name":"RC Design | Cria\u00e7\u00e3o de Sites E-commerce","description":"Cria\u00e7\u00e3o de sites e lojas e-commerce","publisher":{"@id":"https:\/\/www.rcdesignrj.com.br\/criacaosite\/#organization"},"potentialAction":[{"@type":"SearchAction","target":{"@type":"EntryPoint","urlTemplate":"https:\/\/www.rcdesignrj.com.br\/criacaosite\/?s={search_term_string}"},"query-input":{"@type":"PropertyValueSpecification","valueRequired":true,"valueName":"search_term_string"}}],"inLanguage":"pt-BR"},{"@type":"Organization","@id":"https:\/\/www.rcdesignrj.com.br\/criacaosite\/#organization","name":"RC Design Cria\u00e7\u00e3o de Sites e E-commerce","url":"https:\/\/www.rcdesignrj.com.br\/criacaosite\/","logo":{"@type":"ImageObject","inLanguage":"pt-BR","@id":"https:\/\/www.rcdesignrj.com.br\/criacaosite\/#\/schema\/logo\/image\/","url":"https:\/\/www.rcdesignrj.com.br\/criacaosite\/wp-content\/uploads\/2021\/01\/logo-rc-design.png","contentUrl":"https:\/\/www.rcdesignrj.com.br\/criacaosite\/wp-content\/uploads\/2021\/01\/logo-rc-design.png","width":772,"height":775,"caption":"RC Design Cria\u00e7\u00e3o de Sites e E-commerce"},"image":{"@id":"https:\/\/www.rcdesignrj.com.br\/criacaosite\/#\/schema\/logo\/image\/"},"sameAs":["https:\/\/www.facebook.com\/rcdesignrjoficial\/","https:\/\/www.instagram.com\/rcdesignrjoficial\/","https:\/\/www.youtube.com\/channel\/UCiHuDdwgewUnhLhb0Jd9POw"]}]}},"_links":{"self":[{"href":"https:\/\/www.rcdesignrj.com.br\/criacaosite\/wp-json\/wp\/v2\/pages\/569","targetHints":{"allow":["GET"]}}],"collection":[{"href":"https:\/\/www.rcdesignrj.com.br\/criacaosite\/wp-json\/wp\/v2\/pages"}],"about":[{"href":"https:\/\/www.rcdesignrj.com.br\/criacaosite\/wp-json\/wp\/v2\/types\/page"}],"author":[{"embeddable":true,"href":"https:\/\/www.rcdesignrj.com.br\/criacaosite\/wp-json\/wp\/v2\/users\/1"}],"replies":[{"embeddable":true,"href":"https:\/\/www.rcdesignrj.com.br\/criacaosite\/wp-json\/wp\/v2\/comments?post=569"}],"version-history":[{"count":53,"href":"https:\/\/www.rcdesignrj.com.br\/criacaosite\/wp-json\/wp\/v2\/pages\/569\/revisions"}],"predecessor-version":[{"id":778,"href":"https:\/\/www.rcdesignrj.com.br\/criacaosite\/wp-json\/wp\/v2\/pages\/569\/revisions\/778"}],"wp:attachment":[{"href":"https:\/\/www.rcdesignrj.com.br\/criacaosite\/wp-json\/wp\/v2\/media?parent=569"}],"curies":[{"name":"wp","href":"https:\/\/api.w.org\/{rel}","templated":true}]}}